{"id":3158,"date":"2014-05-20T14:51:45","date_gmt":"2014-05-20T17:51:45","guid":{"rendered":"https:\/\/rentoys.com.ar\/es\/producto\/pisos-encastrables\/"},"modified":"2021-12-14T11:33:02","modified_gmt":"2021-12-14T14:33:02","slug":"pisos-encastrables-de-goma-eva","status":"publish","type":"product","link":"https:\/\/rentoys.com.ar\/web\/producto\/pisos-encastrables-de-goma-eva\/","title":{"rendered":"Pisos encastrables de goma eva"},"content":{"rendered":"<p><strong><img loading=\"lazy\" decoding=\"async\" src=\"https:\/\/rentoys.com.ar\/web\/wp-content\/uploads\/ico-precio.png\" alt=\"ico-precio\" width=\"25\" height=\"26\" \/> <a title=\"Formulario de reserva\" href=\"https:\/\/rentoys.com.ar\/web\/formulario-de-compra\/\">Reserva los juegos o recib\u00ed una cotizaci\u00f3n<\/a><\/strong><\/p>\n<p><strong><img loading=\"lazy\" decoding=\"async\" class=\"alignnone\" src=\"https:\/\/rentoys.com.ar\/web\/wp-content\/uploads\/ico-aten.png\" alt=\"ico-aten\" width=\"25\" height=\"25\" \/> <a title=\"Preguntas Frecuentes y Normas\" href=\"https:\/\/rentoys.com.ar\/web\/normas\/\">Lea las preguntas frecuentes y normas<\/a><\/strong><\/p>\n<p><strong><img loading=\"lazy\" decoding=\"async\" src=\"https:\/\/rentoys.com.ar\/web\/wp-content\/uploads\/ico-traslado.png\" alt=\"ico-traslado\" width=\"25\" height=\"26\" \/> <\/strong><strong>Costos y Modalidad de entrega<\/strong><\/p>\n<ul>\n<li><strong>RETIRO EN DEP\u00d3SITO:<\/strong> Se coordina telef\u00f3nicamente. Zona Colegiales. CABA.<\/li>\n<li><strong>ENVIO A DOMICILIO EN CAPITAL FEDERAL:<\/strong> Consultar costo, la mayor\u00eda de los barrios est\u00e1n bonificados. Se entrega entre 24 a 72 hs, dependiendo del stock.<\/li>\n<li><strong>ENVIOS A DOMICILIO EN GRAN BUENOS AIRES:<\/strong> Consultar costos y tiempos de entrega.<\/li>\n<li><strong>ENV\u00cdO AL RESTO DEL PA\u00cdS:<\/strong> Utilizamos preferentemente el transporte V\u00cdA CARGO, pero a pedido y con costo adicional, podemos enviarlo por el transporte que usted nos indique.<\/li>\n<\/ul>\n","protected":false},"excerpt":{"rendered":"<p>SOLO PAGO EN EFECTIVO \/ TRANSFERENCIA BANCARIA<\/p>\n<p>Los Pisos Encastrables son ideal para gimnasios, jardines de infantes,<br \/>\npeloteros, artes marciales, yoga, pilates, solariums, plazas blandas,<br \/>\ny para todo ambiente que necesite una superficie mullida, firme,<br \/>\ndurable, lavable y de f\u00e1cil colocaci\u00f3n Adem\u00e1s se hacen armado de tatamis.<\/p>\n<p>Son f\u00e1ciles de armar y de guardar.<br \/>\nNo son t\u00f3xicos y evitan que se resbales los chicos.<\/p>\n<p>Espesores:<strong> 0.11 mm &#8211; 0.16 mm &#8211; 0.22 mm<\/strong><\/p>\n<p>Edades de uso: <strong>De 1 a 6 a\u00f1os<\/strong><\/p>\n<p>Medidas requeridas:<br \/>\n<strong><span style=\"font-size: 14px;\">LARGO<\/span> 1 m <span style=\"font-size: 10px;\">|<\/span> <span style=\"font-size: 14px;\">ANCHO<\/span> 1 m<span style=\"font-size: 10px;\">\u00a0<\/span><\/strong><\/p>\n<p><a href=\"https:\/\/rentoys.com.ar\/web\/consulta-por-venta\/\"><img loading=\"lazy\" decoding=\"async\" class=\"size-full wp-image-3708 alignnone\" src=\"https:\/\/rentoys.com.ar\/web\/wp-content\/uploads\/Consultar-4.png\" alt=\"Consultar-4\" width=\"164\" height=\"39\" \/><\/a><\/p>\n","protected":false},"featured_media":3161,"template":"","meta":{"om_disable_all_campaigns":false},"product_brand":[],"product_cat":[57],"product_tag":[],"class_list":{"0":"post-3158","1":"product","2":"type-product","3":"status-publish","4":"has-post-thumbnail","6":"product_cat-otros","8":"first","9":"instock","10":"taxable","11":"shipping-taxable","12":"product-type-simple","13":"prodpage-style2"},"yoast_head":"<!-- This site is optimized with the Yoast SEO plugin v27.4 - https:\/\/yoast.com\/product\/yoast-seo-wordpress\/ -->\n<title>Pisos encastrables de goma eva | RENTOYS<\/title>\n<meta name=\"description\" content=\"Los Pisos Encastrables son ideal para gimnasios, jardines de infantes, peloteros, artes marciales, yoga, pilates, solariums, plazas blandas.\" \/>\n<meta name=\"robots\" content=\"index, follow, max-snippet:-1, max-image-preview:large, max-video-preview:-1\" \/>\n<link rel=\"canonical\" href=\"https:\/\/rentoys.com.ar\/web\/producto\/pisos-encastrables-de-goma-eva\/\" \/>\n<meta property=\"og:locale\" content=\"es_ES\" \/>\n<meta property=\"og:type\" content=\"article\" \/>\n<meta property=\"og:title\" content=\"Pisos encastrables de goma eva | RENTOYS\" \/>\n<meta property=\"og:description\" content=\"Los Pisos Encastrables son ideal para gimnasios, jardines de infantes, peloteros, artes marciales, yoga, pilates, solariums, plazas blandas, y mucho m\u00e1s.\" \/>\n<meta property=\"og:url\" content=\"https:\/\/rentoys.com.ar\/web\/producto\/pisos-encastrables-de-goma-eva\/\" \/>\n<meta property=\"og:site_name\" content=\"RENTOYS :: Alquiler y Venta de Juegos\" \/>\n<meta property=\"article:publisher\" content=\"https:\/\/www.facebook.com\/Rentoys\" \/>\n<meta property=\"article:modified_time\" content=\"2021-12-14T14:33:02+00:00\" \/>\n<meta property=\"og:image\" content=\"https:\/\/rentoys.com.ar\/web\/wp-content\/uploads\/Pisos-encastrables.png\" \/>\n\t<meta property=\"og:image:width\" content=\"400\" \/>\n\t<meta property=\"og:image:height\" content=\"342\" \/>\n\t<meta property=\"og:image:type\" content=\"image\/png\" \/>\n<meta name=\"twitter:card\" content=\"summary_large_image\" \/>\n<meta name=\"twitter:site\" content=\"@rentoysarg\" \/>\n<meta name=\"twitter:label1\" content=\"Tiempo de lectura\" \/>\n\t<meta name=\"twitter:data1\" content=\"2 minutos\" \/>\n<script type=\"application\/ld+json\" class=\"yoast-schema-graph\">{\"@context\":\"https:\\\/\\\/schema.org\",\"@graph\":[{\"@type\":\"WebPage\",\"@id\":\"https:\\\/\\\/rentoys.com.ar\\\/web\\\/producto\\\/pisos-encastrables-de-goma-eva\\\/\",\"url\":\"https:\\\/\\\/rentoys.com.ar\\\/web\\\/producto\\\/pisos-encastrables-de-goma-eva\\\/\",\"name\":\"Pisos encastrables de goma eva | RENTOYS\",\"isPartOf\":{\"@id\":\"https:\\\/\\\/rentoys.com.ar\\\/web\\\/#website\"},\"primaryImageOfPage\":{\"@id\":\"https:\\\/\\\/rentoys.com.ar\\\/web\\\/producto\\\/pisos-encastrables-de-goma-eva\\\/#primaryimage\"},\"image\":{\"@id\":\"https:\\\/\\\/rentoys.com.ar\\\/web\\\/producto\\\/pisos-encastrables-de-goma-eva\\\/#primaryimage\"},\"thumbnailUrl\":\"https:\\\/\\\/rentoys.com.ar\\\/web\\\/wp-content\\\/uploads\\\/Pisos-encastrables.png\",\"datePublished\":\"2014-05-20T17:51:45+00:00\",\"dateModified\":\"2021-12-14T14:33:02+00:00\",\"description\":\"Los Pisos Encastrables son ideal para gimnasios, jardines de infantes, peloteros, artes marciales, yoga, pilates, solariums, plazas blandas.\",\"breadcrumb\":{\"@id\":\"https:\\\/\\\/rentoys.com.ar\\\/web\\\/producto\\\/pisos-encastrables-de-goma-eva\\\/#breadcrumb\"},\"inLanguage\":\"es\",\"potentialAction\":[{\"@type\":\"ReadAction\",\"target\":[\"https:\\\/\\\/rentoys.com.ar\\\/web\\\/producto\\\/pisos-encastrables-de-goma-eva\\\/\"]}]},{\"@type\":\"ImageObject\",\"inLanguage\":\"es\",\"@id\":\"https:\\\/\\\/rentoys.com.ar\\\/web\\\/producto\\\/pisos-encastrables-de-goma-eva\\\/#primaryimage\",\"url\":\"https:\\\/\\\/rentoys.com.ar\\\/web\\\/wp-content\\\/uploads\\\/Pisos-encastrables.png\",\"contentUrl\":\"https:\\\/\\\/rentoys.com.ar\\\/web\\\/wp-content\\\/uploads\\\/Pisos-encastrables.png\",\"width\":400,\"height\":342,\"caption\":\"Pisos encastrables de goma eva\"},{\"@type\":\"BreadcrumbList\",\"@id\":\"https:\\\/\\\/rentoys.com.ar\\\/web\\\/producto\\\/pisos-encastrables-de-goma-eva\\\/#breadcrumb\",\"itemListElement\":[{\"@type\":\"ListItem\",\"position\":1,\"name\":\"inicio\",\"item\":\"https:\\\/\\\/rentoys.com.ar\\\/web\\\/\"},{\"@type\":\"ListItem\",\"position\":2,\"name\":\"Secciones de Ventas\",\"item\":\"https:\\\/\\\/rentoys.com.ar\\\/web\\\/tienda\\\/\"},{\"@type\":\"ListItem\",\"position\":3,\"name\":\"Pisos encastrables de goma eva\"}]},{\"@type\":\"WebSite\",\"@id\":\"https:\\\/\\\/rentoys.com.ar\\\/web\\\/#website\",\"url\":\"https:\\\/\\\/rentoys.com.ar\\\/web\\\/\",\"name\":\"RENTOYS :: Alquiler y Venta de Juegos\",\"description\":\"Alquiler y Venta de juegos Rotoys para chicos. Tel: 11.4555.1695 | 11.4551.9897 | Cel-Whatsapp: 11.15.4971.5230 | Mail: consultas@rentoys.com.ar\",\"potentialAction\":[{\"@type\":\"SearchAction\",\"target\":{\"@type\":\"EntryPoint\",\"urlTemplate\":\"https:\\\/\\\/rentoys.com.ar\\\/web\\\/?s={search_term_string}\"},\"query-input\":{\"@type\":\"PropertyValueSpecification\",\"valueRequired\":true,\"valueName\":\"search_term_string\"}}],\"inLanguage\":\"es\"}]}<\/script>\n<!-- \/ Yoast SEO plugin. -->","yoast_head_json":{"title":"Pisos encastrables de goma eva | RENTOYS","description":"Los Pisos Encastrables son ideal para gimnasios, jardines de infantes, peloteros, artes marciales, yoga, pilates, solariums, plazas blandas.","robots":{"index":"index","follow":"follow","max-snippet":"max-snippet:-1","max-image-preview":"max-image-preview:large","max-video-preview":"max-video-preview:-1"},"canonical":"https:\/\/rentoys.com.ar\/web\/producto\/pisos-encastrables-de-goma-eva\/","og_locale":"es_ES","og_type":"article","og_title":"Pisos encastrables de goma eva | RENTOYS","og_description":"Los Pisos Encastrables son ideal para gimnasios, jardines de infantes, peloteros, artes marciales, yoga, pilates, solariums, plazas blandas, y mucho m\u00e1s.","og_url":"https:\/\/rentoys.com.ar\/web\/producto\/pisos-encastrables-de-goma-eva\/","og_site_name":"RENTOYS :: Alquiler y Venta de Juegos","article_publisher":"https:\/\/www.facebook.com\/Rentoys","article_modified_time":"2021-12-14T14:33:02+00:00","og_image":[{"width":400,"height":342,"url":"https:\/\/rentoys.com.ar\/web\/wp-content\/uploads\/Pisos-encastrables.png","type":"image\/png"}],"twitter_card":"summary_large_image","twitter_site":"@rentoysarg","twitter_misc":{"Tiempo de lectura":"2 minutos"},"schema":{"@context":"https:\/\/schema.org","@graph":[{"@type":"WebPage","@id":"https:\/\/rentoys.com.ar\/web\/producto\/pisos-encastrables-de-goma-eva\/","url":"https:\/\/rentoys.com.ar\/web\/producto\/pisos-encastrables-de-goma-eva\/","name":"Pisos encastrables de goma eva | RENTOYS","isPartOf":{"@id":"https:\/\/rentoys.com.ar\/web\/#website"},"primaryImageOfPage":{"@id":"https:\/\/rentoys.com.ar\/web\/producto\/pisos-encastrables-de-goma-eva\/#primaryimage"},"image":{"@id":"https:\/\/rentoys.com.ar\/web\/producto\/pisos-encastrables-de-goma-eva\/#primaryimage"},"thumbnailUrl":"https:\/\/rentoys.com.ar\/web\/wp-content\/uploads\/Pisos-encastrables.png","datePublished":"2014-05-20T17:51:45+00:00","dateModified":"2021-12-14T14:33:02+00:00","description":"Los Pisos Encastrables son ideal para gimnasios, jardines de infantes, peloteros, artes marciales, yoga, pilates, solariums, plazas blandas.","breadcrumb":{"@id":"https:\/\/rentoys.com.ar\/web\/producto\/pisos-encastrables-de-goma-eva\/#breadcrumb"},"inLanguage":"es","potentialAction":[{"@type":"ReadAction","target":["https:\/\/rentoys.com.ar\/web\/producto\/pisos-encastrables-de-goma-eva\/"]}]},{"@type":"ImageObject","inLanguage":"es","@id":"https:\/\/rentoys.com.ar\/web\/producto\/pisos-encastrables-de-goma-eva\/#primaryimage","url":"https:\/\/rentoys.com.ar\/web\/wp-content\/uploads\/Pisos-encastrables.png","contentUrl":"https:\/\/rentoys.com.ar\/web\/wp-content\/uploads\/Pisos-encastrables.png","width":400,"height":342,"caption":"Pisos encastrables de goma eva"},{"@type":"BreadcrumbList","@id":"https:\/\/rentoys.com.ar\/web\/producto\/pisos-encastrables-de-goma-eva\/#breadcrumb","itemListElement":[{"@type":"ListItem","position":1,"name":"inicio","item":"https:\/\/rentoys.com.ar\/web\/"},{"@type":"ListItem","position":2,"name":"Secciones de Ventas","item":"https:\/\/rentoys.com.ar\/web\/tienda\/"},{"@type":"ListItem","position":3,"name":"Pisos encastrables de goma eva"}]},{"@type":"WebSite","@id":"https:\/\/rentoys.com.ar\/web\/#website","url":"https:\/\/rentoys.com.ar\/web\/","name":"RENTOYS :: Alquiler y Venta de Juegos","description":"Alquiler y Venta de juegos Rotoys para chicos. Tel: 11.4555.1695 | 11.4551.9897 | Cel-Whatsapp: 11.15.4971.5230 | Mail: consultas@rentoys.com.ar","potentialAction":[{"@type":"SearchAction","target":{"@type":"EntryPoint","urlTemplate":"https:\/\/rentoys.com.ar\/web\/?s={search_term_string}"},"query-input":{"@type":"PropertyValueSpecification","valueRequired":true,"valueName":"search_term_string"}}],"inLanguage":"es"}]}},"_links":{"self":[{"href":"https:\/\/rentoys.com.ar\/web\/wp-json\/wp\/v2\/product\/3158","targetHints":{"allow":["GET"]}}],"collection":[{"href":"https:\/\/rentoys.com.ar\/web\/wp-json\/wp\/v2\/product"}],"about":[{"href":"https:\/\/rentoys.com.ar\/web\/wp-json\/wp\/v2\/types\/product"}],"wp:featuredmedia":[{"embeddable":true,"href":"https:\/\/rentoys.com.ar\/web\/wp-json\/wp\/v2\/media\/3161"}],"wp:attachment":[{"href":"https:\/\/rentoys.com.ar\/web\/wp-json\/wp\/v2\/media?parent=3158"}],"wp:term":[{"taxonomy":"product_brand","embeddable":true,"href":"https:\/\/rentoys.com.ar\/web\/wp-json\/wp\/v2\/product_brand?post=3158"},{"taxonomy":"product_cat","embeddable":true,"href":"https:\/\/rentoys.com.ar\/web\/wp-json\/wp\/v2\/product_cat?post=3158"},{"taxonomy":"product_tag","embeddable":true,"href":"https:\/\/rentoys.com.ar\/web\/wp-json\/wp\/v2\/product_tag?post=3158"}],"curies":[{"name":"wp","href":"https:\/\/api.w.org\/{rel}","templated":true}]}}