{"id":2294,"date":"2020-07-04T00:29:08","date_gmt":"2020-07-04T03:29:08","guid":{"rendered":"https:\/\/rentoys.com.ar\/es\/producto\/centro-de-actividades-modular-mediano\/"},"modified":"2021-04-12T22:26:47","modified_gmt":"2021-04-13T01:26:47","slug":"centro-de-actividades-modular-mediano-rotoys","status":"publish","type":"product","link":"https:\/\/rentoys.com.ar\/web\/producto\/centro-de-actividades-modular-mediano-rotoys\/","title":{"rendered":"Centro de Actividades Modular Mediano Rotoys"},"content":{"rendered":"<p>Los juegos ROTOYS estan construidos en polietileno de media densidad por sistema de rotomoldeo. Colores firmes activados con filtro U.V lo que los hace de excelente resistencia al sol y la intemperie. La construcci\u00f3n por rotomoldeo permite que las piezas sean de doble pared, con bordes y aristas redondeadas. Todos sus anclajes est\u00e1n dise\u00f1ado para que no sufran el desarme durante su uso.<br \/>\n<strong>Juegos Rotoys &#8211; Venta Rotoys<\/strong><\/p>\n<p><strong><img loading=\"lazy\" decoding=\"async\" src=\"https:\/\/rentoys.com.ar\/web\/wp-content\/uploads\/ico-precio.png\" alt=\"ico-precio\" width=\"25\" height=\"26\" \/> <a href=\"https:\/\/rentoys.com.ar\/web\/formulario-de-compra\/\">Podes reservar los juegos o solicitar cotizaci\u00f3n completando el formulario<\/a><\/strong><\/p>\n<p><strong><img loading=\"lazy\" decoding=\"async\" src=\"https:\/\/rentoys.com.ar\/web\/wp-content\/uploads\/ico-traslado.png\" alt=\"ico-traslado\" width=\"25\" height=\"26\" \/> Costos y Modalidad de entrega<\/strong><\/p>\n<ul>\n<li><strong>RETIRO EN DEP\u00d3SITO:<\/strong> Se coordina telef\u00f3nicamente. Zona Devoto o Colegiales &#8211; CABA.<\/li>\n<li><strong>ENVIO A DOMICILIO EN CAPITAL FEDERAL:<\/strong> Consultar costo, la mayor\u00eda de los barrios est\u00e1n bonificados. Se entrega entre 24 a 72 hs, dependiendo del stock.<\/li>\n<li><strong>ENVIOS A DOMICILIO EN GRAN BUENOS AIRES:<\/strong> Consultar costos y tiempos de entrega.<\/li>\n<li><strong>ENVIOS AL RESTO DEL PAIS:<\/strong> Utilizamos preferentemente el transporte VIA CARGO, pero a pedido y con costo adicional, podemos enviarlo por el transporte que usted nos indique.<\/li>\n<\/ul>\n<p><strong><img loading=\"lazy\" decoding=\"async\" class=\"alignnone\" src=\"https:\/\/rentoys.com.ar\/web\/wp-content\/uploads\/ico-aten.png\" alt=\"ico-aten\" width=\"25\" height=\"25\" \/>\u00a0 <a href=\"https:\/\/rentoys.com.ar\/web\/normas\/\">Recuerde leer nuestra secci\u00f3n de preguntas frecuentes<\/a><\/strong><\/p>\n","protected":false},"excerpt":{"rendered":"<p>Pensado para grandes superficies, parques, countries, peloteros, Jardines de infantes, Restoranes o espacios publicos. Los Centros de Actividades para Grandes Superficies de Rotoys son fabricados bajo proceso de Rotomoldeo, \u00fanico en Argentina. Este proceso les aporta una fortaleza extrema para ser usados en instituciones o lugares p\u00fablicos por gran cantidad de ni\u00f1os. Tambi\u00e9n conservan por a\u00f1os su calidad y colores en el exterior bajo climas severos.<\/p>\n<p><a href=\"https:\/\/rentoys.com.ar\/web\/wp-content\/uploads\/Mediano-2053.pdf\"><img loading=\"lazy\" decoding=\"async\" src=\"https:\/\/rentoys.com.ar\/web\/wp-content\/uploads\/pdf.jpg\" alt=\"\" width=\"35\" height=\"35\" \/> Descargue el Manual de Instrucciones y Mantenimiento.<\/a><\/p>\n<p><strong>EDADES DE USO:\u00a0Desde los 4 a\u00f1os<\/strong><br \/>\n<strong>MEDIDAS:\u00a0LARGO 6,25 m | ANCHO 2,60 m | ALTO 2,07 m<\/strong><br \/>\n<strong>PESO: 260 KG<\/strong><\/p>\n<p><a href=\"https:\/\/rentoys.com.ar\/web\/consulta-por-venta\/\"><img loading=\"lazy\" decoding=\"async\" class=\"size-full wp-image-3708 alignnone\" src=\"https:\/\/rentoys.com.ar\/web\/wp-content\/uploads\/Consultar-4.png\" alt=\"Consultar-4\" width=\"164\" height=\"39\" \/><\/a><\/p>\n","protected":false},"featured_media":2295,"template":"","meta":{"om_disable_all_campaigns":false},"product_brand":[],"product_cat":[44,40],"product_tag":[],"class_list":{"0":"post-2294","1":"product","2":"type-product","3":"status-publish","4":"has-post-thumbnail","6":"product_cat-juegos-de-jardin","7":"product_cat-rotoys","9":"first","10":"instock","11":"taxable","12":"shipping-taxable","13":"product-type-simple","14":"prodpage-style2"},"yoast_head":"<!-- This site is optimized with the Yoast SEO plugin v27.5 - https:\/\/yoast.com\/product\/yoast-seo-wordpress\/ -->\n<title>Centro de Actividades Modular Mediano Rotoys - Para grandes superficies<\/title>\n<meta name=\"description\" content=\"Centro de Actividades Modular Mediano Rotoys, Pensado para parques, countries, peloteros, Jardines, Restoran o espacios publico. Venta Rotoys. Juegos Rotoys\" \/>\n<meta name=\"robots\" content=\"index, follow, max-snippet:-1, max-image-preview:large, max-video-preview:-1\" \/>\n<link rel=\"canonical\" href=\"https:\/\/rentoys.com.ar\/web\/producto\/centro-de-actividades-modular-mediano-rotoys\/\" \/>\n<meta property=\"og:locale\" content=\"es_ES\" \/>\n<meta property=\"og:type\" content=\"article\" \/>\n<meta property=\"og:title\" content=\"Centro de Actividades Modular Mediano Rotoys\" \/>\n<meta property=\"og:description\" content=\"Centro de Actividades Modular Mediano Rotoys, Pensado para grandes superficies, parques, countries, peloteros, Jardines, Restoranes o espacios publicos.\" \/>\n<meta property=\"og:url\" content=\"https:\/\/rentoys.com.ar\/web\/producto\/centro-de-actividades-modular-mediano-rotoys\/\" \/>\n<meta property=\"og:site_name\" content=\"RENTOYS :: Alquiler y Venta de Juegos\" \/>\n<meta property=\"article:publisher\" content=\"https:\/\/www.facebook.com\/Rentoys\" \/>\n<meta property=\"article:modified_time\" content=\"2021-04-13T01:26:47+00:00\" \/>\n<meta property=\"og:image\" content=\"https:\/\/rentoys.com.ar\/web\/wp-content\/uploads\/ROTOYS-Centro-R2053.png\" \/>\n\t<meta property=\"og:image:width\" content=\"550\" \/>\n\t<meta property=\"og:image:height\" content=\"550\" \/>\n\t<meta property=\"og:image:type\" content=\"image\/png\" \/>\n<meta name=\"twitter:card\" content=\"summary_large_image\" \/>\n<meta name=\"twitter:site\" content=\"@rentoysarg\" \/>\n<meta name=\"twitter:label1\" content=\"Tiempo de lectura\" \/>\n\t<meta name=\"twitter:data1\" content=\"1 minuto\" \/>\n<script type=\"application\/ld+json\" class=\"yoast-schema-graph\">{\"@context\":\"https:\\\/\\\/schema.org\",\"@graph\":[{\"@type\":\"WebPage\",\"@id\":\"https:\\\/\\\/rentoys.com.ar\\\/web\\\/producto\\\/centro-de-actividades-modular-mediano-rotoys\\\/\",\"url\":\"https:\\\/\\\/rentoys.com.ar\\\/web\\\/producto\\\/centro-de-actividades-modular-mediano-rotoys\\\/\",\"name\":\"Centro de Actividades Modular Mediano Rotoys - Para grandes superficies\",\"isPartOf\":{\"@id\":\"https:\\\/\\\/rentoys.com.ar\\\/web\\\/#website\"},\"primaryImageOfPage\":{\"@id\":\"https:\\\/\\\/rentoys.com.ar\\\/web\\\/producto\\\/centro-de-actividades-modular-mediano-rotoys\\\/#primaryimage\"},\"image\":{\"@id\":\"https:\\\/\\\/rentoys.com.ar\\\/web\\\/producto\\\/centro-de-actividades-modular-mediano-rotoys\\\/#primaryimage\"},\"thumbnailUrl\":\"https:\\\/\\\/rentoys.com.ar\\\/web\\\/wp-content\\\/uploads\\\/ROTOYS-Centro-R2053.png\",\"datePublished\":\"2020-07-04T03:29:08+00:00\",\"dateModified\":\"2021-04-13T01:26:47+00:00\",\"description\":\"Centro de Actividades Modular Mediano Rotoys, Pensado para parques, countries, peloteros, Jardines, Restoran o espacios publico. Venta Rotoys. Juegos Rotoys\",\"breadcrumb\":{\"@id\":\"https:\\\/\\\/rentoys.com.ar\\\/web\\\/producto\\\/centro-de-actividades-modular-mediano-rotoys\\\/#breadcrumb\"},\"inLanguage\":\"es\",\"potentialAction\":[{\"@type\":\"ReadAction\",\"target\":[\"https:\\\/\\\/rentoys.com.ar\\\/web\\\/producto\\\/centro-de-actividades-modular-mediano-rotoys\\\/\"]}]},{\"@type\":\"ImageObject\",\"inLanguage\":\"es\",\"@id\":\"https:\\\/\\\/rentoys.com.ar\\\/web\\\/producto\\\/centro-de-actividades-modular-mediano-rotoys\\\/#primaryimage\",\"url\":\"https:\\\/\\\/rentoys.com.ar\\\/web\\\/wp-content\\\/uploads\\\/ROTOYS-Centro-R2053.png\",\"contentUrl\":\"https:\\\/\\\/rentoys.com.ar\\\/web\\\/wp-content\\\/uploads\\\/ROTOYS-Centro-R2053.png\",\"width\":550,\"height\":550,\"caption\":\"Centro de Actividades Modular Mediano Rotoys\"},{\"@type\":\"BreadcrumbList\",\"@id\":\"https:\\\/\\\/rentoys.com.ar\\\/web\\\/producto\\\/centro-de-actividades-modular-mediano-rotoys\\\/#breadcrumb\",\"itemListElement\":[{\"@type\":\"ListItem\",\"position\":1,\"name\":\"inicio\",\"item\":\"https:\\\/\\\/rentoys.com.ar\\\/web\\\/\"},{\"@type\":\"ListItem\",\"position\":2,\"name\":\"Secciones de Ventas\",\"item\":\"https:\\\/\\\/rentoys.com.ar\\\/web\\\/tienda\\\/\"},{\"@type\":\"ListItem\",\"position\":3,\"name\":\"Centro de Actividades Modular Mediano Rotoys\"}]},{\"@type\":\"WebSite\",\"@id\":\"https:\\\/\\\/rentoys.com.ar\\\/web\\\/#website\",\"url\":\"https:\\\/\\\/rentoys.com.ar\\\/web\\\/\",\"name\":\"RENTOYS :: Alquiler y Venta de Juegos\",\"description\":\"Alquiler y Venta de juegos Rotoys para chicos. Tel: 11.4555.1695 | 11.4551.9897 | Cel-Whatsapp: 11.15.4971.5230 | Mail: consultas@rentoys.com.ar\",\"potentialAction\":[{\"@type\":\"SearchAction\",\"target\":{\"@type\":\"EntryPoint\",\"urlTemplate\":\"https:\\\/\\\/rentoys.com.ar\\\/web\\\/?s={search_term_string}\"},\"query-input\":{\"@type\":\"PropertyValueSpecification\",\"valueRequired\":true,\"valueName\":\"search_term_string\"}}],\"inLanguage\":\"es\"}]}<\/script>\n<!-- \/ Yoast SEO plugin. -->","yoast_head_json":{"title":"Centro de Actividades Modular Mediano Rotoys - Para grandes superficies","description":"Centro de Actividades Modular Mediano Rotoys, Pensado para parques, countries, peloteros, Jardines, Restoran o espacios publico. Venta Rotoys. Juegos Rotoys","robots":{"index":"index","follow":"follow","max-snippet":"max-snippet:-1","max-image-preview":"max-image-preview:large","max-video-preview":"max-video-preview:-1"},"canonical":"https:\/\/rentoys.com.ar\/web\/producto\/centro-de-actividades-modular-mediano-rotoys\/","og_locale":"es_ES","og_type":"article","og_title":"Centro de Actividades Modular Mediano Rotoys","og_description":"Centro de Actividades Modular Mediano Rotoys, Pensado para grandes superficies, parques, countries, peloteros, Jardines, Restoranes o espacios publicos.","og_url":"https:\/\/rentoys.com.ar\/web\/producto\/centro-de-actividades-modular-mediano-rotoys\/","og_site_name":"RENTOYS :: Alquiler y Venta de Juegos","article_publisher":"https:\/\/www.facebook.com\/Rentoys","article_modified_time":"2021-04-13T01:26:47+00:00","og_image":[{"width":550,"height":550,"url":"https:\/\/rentoys.com.ar\/web\/wp-content\/uploads\/ROTOYS-Centro-R2053.png","type":"image\/png"}],"twitter_card":"summary_large_image","twitter_site":"@rentoysarg","twitter_misc":{"Tiempo de lectura":"1 minuto"},"schema":{"@context":"https:\/\/schema.org","@graph":[{"@type":"WebPage","@id":"https:\/\/rentoys.com.ar\/web\/producto\/centro-de-actividades-modular-mediano-rotoys\/","url":"https:\/\/rentoys.com.ar\/web\/producto\/centro-de-actividades-modular-mediano-rotoys\/","name":"Centro de Actividades Modular Mediano Rotoys - Para grandes superficies","isPartOf":{"@id":"https:\/\/rentoys.com.ar\/web\/#website"},"primaryImageOfPage":{"@id":"https:\/\/rentoys.com.ar\/web\/producto\/centro-de-actividades-modular-mediano-rotoys\/#primaryimage"},"image":{"@id":"https:\/\/rentoys.com.ar\/web\/producto\/centro-de-actividades-modular-mediano-rotoys\/#primaryimage"},"thumbnailUrl":"https:\/\/rentoys.com.ar\/web\/wp-content\/uploads\/ROTOYS-Centro-R2053.png","datePublished":"2020-07-04T03:29:08+00:00","dateModified":"2021-04-13T01:26:47+00:00","description":"Centro de Actividades Modular Mediano Rotoys, Pensado para parques, countries, peloteros, Jardines, Restoran o espacios publico. Venta Rotoys. Juegos Rotoys","breadcrumb":{"@id":"https:\/\/rentoys.com.ar\/web\/producto\/centro-de-actividades-modular-mediano-rotoys\/#breadcrumb"},"inLanguage":"es","potentialAction":[{"@type":"ReadAction","target":["https:\/\/rentoys.com.ar\/web\/producto\/centro-de-actividades-modular-mediano-rotoys\/"]}]},{"@type":"ImageObject","inLanguage":"es","@id":"https:\/\/rentoys.com.ar\/web\/producto\/centro-de-actividades-modular-mediano-rotoys\/#primaryimage","url":"https:\/\/rentoys.com.ar\/web\/wp-content\/uploads\/ROTOYS-Centro-R2053.png","contentUrl":"https:\/\/rentoys.com.ar\/web\/wp-content\/uploads\/ROTOYS-Centro-R2053.png","width":550,"height":550,"caption":"Centro de Actividades Modular Mediano Rotoys"},{"@type":"BreadcrumbList","@id":"https:\/\/rentoys.com.ar\/web\/producto\/centro-de-actividades-modular-mediano-rotoys\/#breadcrumb","itemListElement":[{"@type":"ListItem","position":1,"name":"inicio","item":"https:\/\/rentoys.com.ar\/web\/"},{"@type":"ListItem","position":2,"name":"Secciones de Ventas","item":"https:\/\/rentoys.com.ar\/web\/tienda\/"},{"@type":"ListItem","position":3,"name":"Centro de Actividades Modular Mediano Rotoys"}]},{"@type":"WebSite","@id":"https:\/\/rentoys.com.ar\/web\/#website","url":"https:\/\/rentoys.com.ar\/web\/","name":"RENTOYS :: Alquiler y Venta de Juegos","description":"Alquiler y Venta de juegos Rotoys para chicos. Tel: 11.4555.1695 | 11.4551.9897 | Cel-Whatsapp: 11.15.4971.5230 | Mail: consultas@rentoys.com.ar","potentialAction":[{"@type":"SearchAction","target":{"@type":"EntryPoint","urlTemplate":"https:\/\/rentoys.com.ar\/web\/?s={search_term_string}"},"query-input":{"@type":"PropertyValueSpecification","valueRequired":true,"valueName":"search_term_string"}}],"inLanguage":"es"}]}},"_links":{"self":[{"href":"https:\/\/rentoys.com.ar\/web\/wp-json\/wp\/v2\/product\/2294","targetHints":{"allow":["GET"]}}],"collection":[{"href":"https:\/\/rentoys.com.ar\/web\/wp-json\/wp\/v2\/product"}],"about":[{"href":"https:\/\/rentoys.com.ar\/web\/wp-json\/wp\/v2\/types\/product"}],"wp:featuredmedia":[{"embeddable":true,"href":"https:\/\/rentoys.com.ar\/web\/wp-json\/wp\/v2\/media\/2295"}],"wp:attachment":[{"href":"https:\/\/rentoys.com.ar\/web\/wp-json\/wp\/v2\/media?parent=2294"}],"wp:term":[{"taxonomy":"product_brand","embeddable":true,"href":"https:\/\/rentoys.com.ar\/web\/wp-json\/wp\/v2\/product_brand?post=2294"},{"taxonomy":"product_cat","embeddable":true,"href":"https:\/\/rentoys.com.ar\/web\/wp-json\/wp\/v2\/product_cat?post=2294"},{"taxonomy":"product_tag","embeddable":true,"href":"https:\/\/rentoys.com.ar\/web\/wp-json\/wp\/v2\/product_tag?post=2294"}],"curies":[{"name":"wp","href":"https:\/\/api.w.org\/{rel}","templated":true}]}}