{"id":11462,"date":"2019-11-13T14:51:51","date_gmt":"2019-11-13T17:51:51","guid":{"rendered":"https:\/\/rentoys.com.ar\/web\/?post_type=product&#038;p=11462"},"modified":"2021-04-12T22:03:52","modified_gmt":"2021-04-13T01:03:52","slug":"giragol-marcianito","status":"publish","type":"product","link":"https:\/\/rentoys.com.ar\/web\/producto\/giragol-marcianito\/","title":{"rendered":"Giragol Marcianito"},"content":{"rendered":"<h2><strong>Giragol Marcianito<\/strong><\/h2>\n<div style=\"width: 640px;\" class=\"wp-video\"><video class=\"wp-video-shortcode\" id=\"video-11462-1\" width=\"640\" height=\"352\" preload=\"metadata\" controls=\"controls\"><source type=\"video\/mp4\" src=\"https:\/\/rentoys.com.ar\/web\/wp-content\/uploads\/Kit-Giragol.mp4?_=1\" \/><a href=\"https:\/\/rentoys.com.ar\/web\/wp-content\/uploads\/Kit-Giragol.mp4\">https:\/\/rentoys.com.ar\/web\/wp-content\/uploads\/Kit-Giragol.mp4<\/a><\/video><\/div>\n<p>Los juegos ROTOYS est\u00e1n construidos en polietileno de media densidad por sistema de rotomoldeo. Colores firmes activados con filtro U.V lo que los hace de excelente resistencia al sol y la intemperie. La construcci\u00f3n por rotomoldeo permite que las piezas sean de doble pared, con bordes y aristas redondeadas. Todos sus anclajes est\u00e1n dise\u00f1ado para que no sufran el desarme durante su uso.<br \/>\n<strong>Juegos Rotoys &#8211; Venta Rotoys<\/strong><\/p>\n<p><strong><img loading=\"lazy\" decoding=\"async\" src=\"https:\/\/rentoys.com.ar\/web\/wp-content\/uploads\/ico-precio.png\" alt=\"ico-precio\" width=\"25\" height=\"26\" \/> <a href=\"https:\/\/rentoys.com.ar\/web\/formulario-de-compra\/\">Podes reservar los juegos o solicitar cotizaci\u00f3n completando el formulario<\/a><\/strong><\/p>\n<p><strong><img loading=\"lazy\" decoding=\"async\" src=\"https:\/\/rentoys.com.ar\/web\/wp-content\/uploads\/ico-traslado.png\" alt=\"ico-traslado\" width=\"25\" height=\"26\" \/> Costos y Modalidad de entrega<\/strong><\/p>\n<ul>\n<li><strong>RETIRO EN DEP\u00d3SITO:<\/strong> Se coordina telef\u00f3nicamente. Zona Devoto o Colegiales &#8211; CABA.<\/li>\n<li><strong>ENVIO A DOMICILIO EN CAPITAL FEDERAL:<\/strong> Consultar costo, la mayor\u00eda de los barrios est\u00e1n bonificados. Se entrega entre 24 a 72 hs, dependiendo del stock.<\/li>\n<li><strong>ENVIOS A DOMICILIO EN GRAN BUENOS AIRES:<\/strong> Consultar costos y tiempos de entrega.<\/li>\n<li><strong>ENVIOS AL RESTO DEL PAIS:<\/strong> Utilizamos preferentemente el transporte VIA CARGO, pero a pedido y con costo adicional, podemos enviarlo por el transporte que usted nos indique.<\/li>\n<\/ul>\n<p><strong><img loading=\"lazy\" decoding=\"async\" class=\"alignnone\" src=\"https:\/\/rentoys.com.ar\/web\/wp-content\/uploads\/ico-aten.png\" alt=\"ico-aten\" width=\"25\" height=\"25\" \/>\u00a0 <a href=\"https:\/\/rentoys.com.ar\/web\/normas\/\">Recuerde leer nuestra secci\u00f3n de preguntas frecuentes<\/a><\/strong><\/p>\n","protected":false},"excerpt":{"rendered":"<p>Es un juego dise\u00f1ado para estimular y favorecer la motricidad y el equilibrio, mediante el juego y diversi\u00f3n.<br \/>\nEs un juego para las primeras pr\u00e1cticas de equilibrio incentivado por el movimiento de las pelotitas en los laberintos. Para ser usado colocando los pies de cada lado del juego llevando la pelota hacia el centro.<\/p>\n<p>Disponible en color Celeste<\/p>\n<p>Edades de uso: <strong>+ de 3 a\u00f1os<\/strong><br \/>\nMedidas:<strong> LARGO 0.50 m <\/strong>|<strong> ANCHO 0.24m<\/strong> |<strong> ALTO 0.10 m<\/strong><br \/>\nPeso:<strong> 1.1 KG<\/strong><\/p>\n<p><a href=\"https:\/\/rentoys.com.ar\/web\/consulta-por-venta\/\"><img loading=\"lazy\" decoding=\"async\" class=\"size-full wp-image-3708 alignnone\" src=\"https:\/\/rentoys.com.ar\/web\/wp-content\/uploads\/Consultar-4.png\" alt=\"Consultar-4\" width=\"164\" height=\"39\" \/><\/a><\/p>\n","protected":false},"featured_media":11461,"template":"","meta":{"om_disable_all_campaigns":false},"product_brand":[],"product_cat":[32,40],"product_tag":[],"class_list":{"0":"post-11462","1":"product","2":"type-product","3":"status-publish","4":"has-post-thumbnail","6":"product_cat-juegos-de-interior","7":"product_cat-rotoys","9":"first","10":"instock","11":"taxable","12":"shipping-taxable","13":"product-type-simple","14":"prodpage-style2"},"yoast_head":"<!-- This site is optimized with the Yoast SEO plugin v27.3 - https:\/\/yoast.com\/product\/yoast-seo-wordpress\/ -->\n<title>Giragol Marcianito - Estructura sumamente fuerte y resistente<\/title>\n<meta name=\"description\" content=\"Giragol Marcianito. Es un juego pensado para ni\u00f1os m\u00e1s grandes por su grado de dificultad.Estimula y favorece la motricidad y el equilibrio, durante el juego y diversi\u00f3n.\" \/>\n<meta name=\"robots\" content=\"index, follow, max-snippet:-1, max-image-preview:large, max-video-preview:-1\" \/>\n<link rel=\"canonical\" href=\"https:\/\/rentoys.com.ar\/web\/producto\/giragol-marcianito\/\" \/>\n<meta property=\"og:locale\" content=\"es_ES\" \/>\n<meta property=\"og:type\" content=\"article\" \/>\n<meta property=\"og:title\" content=\"Mesa de Campo Rotoys\" \/>\n<meta property=\"og:description\" content=\"Mesa de Campo Rotoys con textura imitaci\u00f3n piedra y madera, armado simple y muy firme, ideal para jugar y hacer picnic al aire libre.\" \/>\n<meta property=\"og:url\" content=\"https:\/\/rentoys.com.ar\/web\/producto\/giragol-marcianito\/\" \/>\n<meta property=\"og:site_name\" content=\"RENTOYS :: Alquiler y Venta de Juegos\" \/>\n<meta property=\"article:publisher\" content=\"https:\/\/www.facebook.com\/Rentoys\" \/>\n<meta property=\"article:modified_time\" content=\"2021-04-13T01:03:52+00:00\" \/>\n<meta property=\"og:image\" content=\"https:\/\/rentoys.com.ar\/web\/wp-content\/uploads\/ART-2065-GIRAGOL-MARCIANITO-.jpg\" \/>\n\t<meta property=\"og:image:width\" content=\"1102\" \/>\n\t<meta property=\"og:image:height\" content=\"753\" \/>\n\t<meta property=\"og:image:type\" content=\"image\/jpeg\" \/>\n<meta name=\"twitter:card\" content=\"summary_large_image\" \/>\n<meta name=\"twitter:site\" content=\"@rentoysarg\" \/>\n<meta name=\"twitter:label1\" content=\"Tiempo de lectura\" \/>\n\t<meta name=\"twitter:data1\" content=\"1 minuto\" \/>\n<script type=\"application\/ld+json\" class=\"yoast-schema-graph\">{\"@context\":\"https:\\\/\\\/schema.org\",\"@graph\":[{\"@type\":\"WebPage\",\"@id\":\"https:\\\/\\\/rentoys.com.ar\\\/web\\\/producto\\\/giragol-marcianito\\\/\",\"url\":\"https:\\\/\\\/rentoys.com.ar\\\/web\\\/producto\\\/giragol-marcianito\\\/\",\"name\":\"Giragol Marcianito - Estructura sumamente fuerte y resistente\",\"isPartOf\":{\"@id\":\"https:\\\/\\\/rentoys.com.ar\\\/web\\\/#website\"},\"primaryImageOfPage\":{\"@id\":\"https:\\\/\\\/rentoys.com.ar\\\/web\\\/producto\\\/giragol-marcianito\\\/#primaryimage\"},\"image\":{\"@id\":\"https:\\\/\\\/rentoys.com.ar\\\/web\\\/producto\\\/giragol-marcianito\\\/#primaryimage\"},\"thumbnailUrl\":\"https:\\\/\\\/rentoys.com.ar\\\/web\\\/wp-content\\\/uploads\\\/ART-2065-GIRAGOL-MARCIANITO-.jpg\",\"datePublished\":\"2019-11-13T17:51:51+00:00\",\"dateModified\":\"2021-04-13T01:03:52+00:00\",\"description\":\"Giragol Marcianito. Es un juego pensado para ni\u00f1os m\u00e1s grandes por su grado de dificultad.Estimula y favorece la motricidad y el equilibrio, durante el juego y diversi\u00f3n.\",\"breadcrumb\":{\"@id\":\"https:\\\/\\\/rentoys.com.ar\\\/web\\\/producto\\\/giragol-marcianito\\\/#breadcrumb\"},\"inLanguage\":\"es\",\"potentialAction\":[{\"@type\":\"ReadAction\",\"target\":[\"https:\\\/\\\/rentoys.com.ar\\\/web\\\/producto\\\/giragol-marcianito\\\/\"]}]},{\"@type\":\"ImageObject\",\"inLanguage\":\"es\",\"@id\":\"https:\\\/\\\/rentoys.com.ar\\\/web\\\/producto\\\/giragol-marcianito\\\/#primaryimage\",\"url\":\"https:\\\/\\\/rentoys.com.ar\\\/web\\\/wp-content\\\/uploads\\\/ART-2065-GIRAGOL-MARCIANITO-.jpg\",\"contentUrl\":\"https:\\\/\\\/rentoys.com.ar\\\/web\\\/wp-content\\\/uploads\\\/ART-2065-GIRAGOL-MARCIANITO-.jpg\",\"width\":1102,\"height\":753},{\"@type\":\"BreadcrumbList\",\"@id\":\"https:\\\/\\\/rentoys.com.ar\\\/web\\\/producto\\\/giragol-marcianito\\\/#breadcrumb\",\"itemListElement\":[{\"@type\":\"ListItem\",\"position\":1,\"name\":\"inicio\",\"item\":\"https:\\\/\\\/rentoys.com.ar\\\/web\\\/\"},{\"@type\":\"ListItem\",\"position\":2,\"name\":\"Secciones de Ventas\",\"item\":\"https:\\\/\\\/rentoys.com.ar\\\/web\\\/tienda\\\/\"},{\"@type\":\"ListItem\",\"position\":3,\"name\":\"Giragol Marcianito\"}]},{\"@type\":\"WebSite\",\"@id\":\"https:\\\/\\\/rentoys.com.ar\\\/web\\\/#website\",\"url\":\"https:\\\/\\\/rentoys.com.ar\\\/web\\\/\",\"name\":\"RENTOYS :: Alquiler y Venta de Juegos\",\"description\":\"Alquiler y Venta de juegos Rotoys para chicos. Tel: 11.4555.1695 | 11.4551.9897 | Cel-Whatsapp: 11.15.4971.5230 | Mail: consultas@rentoys.com.ar\",\"potentialAction\":[{\"@type\":\"SearchAction\",\"target\":{\"@type\":\"EntryPoint\",\"urlTemplate\":\"https:\\\/\\\/rentoys.com.ar\\\/web\\\/?s={search_term_string}\"},\"query-input\":{\"@type\":\"PropertyValueSpecification\",\"valueRequired\":true,\"valueName\":\"search_term_string\"}}],\"inLanguage\":\"es\"}]}<\/script>\n<!-- \/ Yoast SEO plugin. -->","yoast_head_json":{"title":"Giragol Marcianito - Estructura sumamente fuerte y resistente","description":"Giragol Marcianito. Es un juego pensado para ni\u00f1os m\u00e1s grandes por su grado de dificultad.Estimula y favorece la motricidad y el equilibrio, durante el juego y diversi\u00f3n.","robots":{"index":"index","follow":"follow","max-snippet":"max-snippet:-1","max-image-preview":"max-image-preview:large","max-video-preview":"max-video-preview:-1"},"canonical":"https:\/\/rentoys.com.ar\/web\/producto\/giragol-marcianito\/","og_locale":"es_ES","og_type":"article","og_title":"Mesa de Campo Rotoys","og_description":"Mesa de Campo Rotoys con textura imitaci\u00f3n piedra y madera, armado simple y muy firme, ideal para jugar y hacer picnic al aire libre.","og_url":"https:\/\/rentoys.com.ar\/web\/producto\/giragol-marcianito\/","og_site_name":"RENTOYS :: Alquiler y Venta de Juegos","article_publisher":"https:\/\/www.facebook.com\/Rentoys","article_modified_time":"2021-04-13T01:03:52+00:00","og_image":[{"width":1102,"height":753,"url":"https:\/\/rentoys.com.ar\/web\/wp-content\/uploads\/ART-2065-GIRAGOL-MARCIANITO-.jpg","type":"image\/jpeg"}],"twitter_card":"summary_large_image","twitter_site":"@rentoysarg","twitter_misc":{"Tiempo de lectura":"1 minuto"},"schema":{"@context":"https:\/\/schema.org","@graph":[{"@type":"WebPage","@id":"https:\/\/rentoys.com.ar\/web\/producto\/giragol-marcianito\/","url":"https:\/\/rentoys.com.ar\/web\/producto\/giragol-marcianito\/","name":"Giragol Marcianito - Estructura sumamente fuerte y resistente","isPartOf":{"@id":"https:\/\/rentoys.com.ar\/web\/#website"},"primaryImageOfPage":{"@id":"https:\/\/rentoys.com.ar\/web\/producto\/giragol-marcianito\/#primaryimage"},"image":{"@id":"https:\/\/rentoys.com.ar\/web\/producto\/giragol-marcianito\/#primaryimage"},"thumbnailUrl":"https:\/\/rentoys.com.ar\/web\/wp-content\/uploads\/ART-2065-GIRAGOL-MARCIANITO-.jpg","datePublished":"2019-11-13T17:51:51+00:00","dateModified":"2021-04-13T01:03:52+00:00","description":"Giragol Marcianito. Es un juego pensado para ni\u00f1os m\u00e1s grandes por su grado de dificultad.Estimula y favorece la motricidad y el equilibrio, durante el juego y diversi\u00f3n.","breadcrumb":{"@id":"https:\/\/rentoys.com.ar\/web\/producto\/giragol-marcianito\/#breadcrumb"},"inLanguage":"es","potentialAction":[{"@type":"ReadAction","target":["https:\/\/rentoys.com.ar\/web\/producto\/giragol-marcianito\/"]}]},{"@type":"ImageObject","inLanguage":"es","@id":"https:\/\/rentoys.com.ar\/web\/producto\/giragol-marcianito\/#primaryimage","url":"https:\/\/rentoys.com.ar\/web\/wp-content\/uploads\/ART-2065-GIRAGOL-MARCIANITO-.jpg","contentUrl":"https:\/\/rentoys.com.ar\/web\/wp-content\/uploads\/ART-2065-GIRAGOL-MARCIANITO-.jpg","width":1102,"height":753},{"@type":"BreadcrumbList","@id":"https:\/\/rentoys.com.ar\/web\/producto\/giragol-marcianito\/#breadcrumb","itemListElement":[{"@type":"ListItem","position":1,"name":"inicio","item":"https:\/\/rentoys.com.ar\/web\/"},{"@type":"ListItem","position":2,"name":"Secciones de Ventas","item":"https:\/\/rentoys.com.ar\/web\/tienda\/"},{"@type":"ListItem","position":3,"name":"Giragol Marcianito"}]},{"@type":"WebSite","@id":"https:\/\/rentoys.com.ar\/web\/#website","url":"https:\/\/rentoys.com.ar\/web\/","name":"RENTOYS :: Alquiler y Venta de Juegos","description":"Alquiler y Venta de juegos Rotoys para chicos. Tel: 11.4555.1695 | 11.4551.9897 | Cel-Whatsapp: 11.15.4971.5230 | Mail: consultas@rentoys.com.ar","potentialAction":[{"@type":"SearchAction","target":{"@type":"EntryPoint","urlTemplate":"https:\/\/rentoys.com.ar\/web\/?s={search_term_string}"},"query-input":{"@type":"PropertyValueSpecification","valueRequired":true,"valueName":"search_term_string"}}],"inLanguage":"es"}]}},"_links":{"self":[{"href":"https:\/\/rentoys.com.ar\/web\/wp-json\/wp\/v2\/product\/11462","targetHints":{"allow":["GET"]}}],"collection":[{"href":"https:\/\/rentoys.com.ar\/web\/wp-json\/wp\/v2\/product"}],"about":[{"href":"https:\/\/rentoys.com.ar\/web\/wp-json\/wp\/v2\/types\/product"}],"wp:featuredmedia":[{"embeddable":true,"href":"https:\/\/rentoys.com.ar\/web\/wp-json\/wp\/v2\/media\/11461"}],"wp:attachment":[{"href":"https:\/\/rentoys.com.ar\/web\/wp-json\/wp\/v2\/media?parent=11462"}],"wp:term":[{"taxonomy":"product_brand","embeddable":true,"href":"https:\/\/rentoys.com.ar\/web\/wp-json\/wp\/v2\/product_brand?post=11462"},{"taxonomy":"product_cat","embeddable":true,"href":"https:\/\/rentoys.com.ar\/web\/wp-json\/wp\/v2\/product_cat?post=11462"},{"taxonomy":"product_tag","embeddable":true,"href":"https:\/\/rentoys.com.ar\/web\/wp-json\/wp\/v2\/product_tag?post=11462"}],"curies":[{"name":"wp","href":"https:\/\/api.w.org\/{rel}","templated":true}]}}