{"id":80,"date":"2013-02-02T12:25:15","date_gmt":"2013-02-02T12:25:15","guid":{"rendered":"http:\/\/hogash-demo.com\/kallyas_wp\/?page_id=80"},"modified":"2023-05-31T11:34:49","modified_gmt":"2023-05-31T14:34:49","slug":"quienes-somos","status":"publish","type":"page","link":"https:\/\/rentoys.com.ar\/web\/quienes-somos\/","title":{"rendered":"\u00bfQui\u00e9nes Somos?"},"content":{"rendered":"<p><img decoding=\"async\" class=\"alignright\" src=\"https:\/\/rentoys.com.ar\/web\/wp-content\/uploads\/rentoys-planetario.jpg\" alt=\"rentoys-planetario\" width=\"250\" \/><strong><h2 class=\"m_title text-custom\" itemprop=\"alternativeHeadline\" > Nuestra Misi\u00f3n <\/h2> <\/strong><span style=\"font-size: small;\">Somos una empresa con m\u00e1s de 20<strong>\u00a0a\u00f1os<\/strong>\u00a0de experiencia en recreaci\u00f3n y organizaci\u00f3n de eventos, venimos de distintas disciplinas como ser profesionales en educaci\u00f3n, comunicaci\u00f3n, recursos humanos, administraci\u00f3n de empresas, psicolog\u00eda y marketing. Todos nuestros conocimientos y entusiasmo los volcamos para que <strong>Rentoys\u00a0<\/strong>se diferencie del resto de sus competidores.<\/span><br \/>\n<span style=\"font-size: small;\"> Ofrecemos a nuestros clientes gran variedad de art\u00edculos nuevos y novedosos, nos aseguramos del perfecto estado de limpieza y conservaci\u00f3n de los mismos, nuestros principales consumidores son los ni\u00f1os y por esa raz\u00f3n hacemos hincapi\u00e9 en la seguridad e higiene de nuestros productos.<\/span><\/p>\n<hr \/>\n<p><strong><h2 class=\"m_title text-custom\" itemprop=\"alternativeHeadline\" > Nuestra Visi\u00f3n <\/h2> <\/strong>Es estar siempre un paso adelante, satisfaciendo las necesidades de nuestros clientes, en nuestra empresa encontrara diversidad de art\u00edculos para todas las edades.\u00a0<span style=\"line-height: 1.5;\">La\u00a0<\/span><strong style=\"line-height: 1.5;\">excelente\u00a0<\/strong><span style=\"line-height: 1.5;\">calidad de nuestros\u00a0<\/span><strong style=\"line-height: 1.5;\">juegos\u00a0<\/strong><span style=\"line-height: 1.5;\">y la\u00a0<\/span><strong style=\"line-height: 1.5;\">seriedad<\/strong><span style=\"line-height: 1.5;\">\u00a0con la que trabajamos, garantiza la tranquilidad de las personas, empresas u organizaciones que nos contratan.<\/span><\/p>\n<hr \/>\n<p><strong><h2 class=\"m_title text-custom\" itemprop=\"alternativeHeadline\" > Nuestra Valores <\/h2> <\/strong>Nuestra trayectoria de m\u00e1s de <strong>15 a\u00f1os<\/strong>\u00a0en el mercado nos avalan a la hora de contratarnos, somos una empresa joven, responsable, proactiva y confiable.<br \/>\nLos juegos de chicos para nuestra organizaci\u00f3n es cosa seria, por eso somos los <strong>l\u00edderes\u00a0<\/strong>en lo que hacemos.<\/p>\n<hr \/>\n<p style=\"text-align: left;\"><strong><h3 class=\"m_title m_title_ext text-custom\" itemprop=\"alternativeHeadline\" > Algunas de las empresas que nos confiaron sus eventos <\/h3> <\/strong><br \/>\n<img loading=\"lazy\" decoding=\"async\" class=\" wp-image-3352 size-full aligncenter\" src=\"https:\/\/rentoys.com.ar\/web\/wp-content\/uploads\/Empresas3.jpg\" alt=\"Empresas3\" width=\"800\" height=\"80\" \/> <img loading=\"lazy\" decoding=\"async\" class=\" wp-image-3353 size-full aligncenter\" src=\"https:\/\/rentoys.com.ar\/web\/wp-content\/uploads\/Empresas6.jpg\" alt=\"Empresas6\" width=\"800\" height=\"80\" \/><img loading=\"lazy\" decoding=\"async\" class=\" wp-image-3338 size-full aligncenter\" src=\"https:\/\/rentoys.com.ar\/web\/wp-content\/uploads\/empresas1.jpg\" alt=\"empresas1\" width=\"800\" height=\"67\" \/> <img loading=\"lazy\" decoding=\"async\" class=\" wp-image-3345 size-full aligncenter\" src=\"https:\/\/rentoys.com.ar\/web\/wp-content\/uploads\/Empresas2.jpg\" alt=\"Empresas2\" width=\"800\" height=\"80\" \/> <img loading=\"lazy\" decoding=\"async\" class=\" wp-image-3347 size-full aligncenter\" src=\"https:\/\/rentoys.com.ar\/web\/wp-content\/uploads\/Empresas4.jpg\" alt=\"Empresas4\" width=\"800\" height=\"80\" \/><\/p>\n<hr \/>\n","protected":false},"excerpt":{"rendered":"<p>Somos una empresa con m\u00e1s de 20\u00a0a\u00f1os\u00a0de experiencia en recreaci\u00f3n y organizaci\u00f3n de eventos, venimos de distintas disciplinas como ser profesionales en educaci\u00f3n, comunicaci\u00f3n, recursos humanos, administraci\u00f3n de empresas, psicolog\u00eda y marketing. Todos nuestros conocimientos y entusiasmo los volcamos para que Rentoys\u00a0se diferencie del resto de sus competidores. Ofrecemos a nuestros clientes gran variedad de<\/p>\n","protected":false},"author":1,"featured_media":0,"parent":0,"menu_order":0,"comment_status":"closed","ping_status":"open","template":"","meta":{"om_disable_all_campaigns":false,"footnotes":""},"class_list":["post-80","page","type-page","status-publish","hentry","prodpage-style2"],"yoast_head":"<!-- This site is optimized with the Yoast SEO plugin v27.4 - https:\/\/yoast.com\/product\/yoast-seo-wordpress\/ -->\n<title>\u00bfQui\u00e9nes Somos? - RENTOYS :: Alquiler y Venta de Juegos<\/title>\n<meta name=\"description\" content=\"Somos una empresa con m\u00e1s de 15 a\u00f1os de experiencia en recreaci\u00f3n y organizaci\u00f3n de eventos. Ofrecemos a nuestros clientes gran variedad de art\u00edculos nuevos\" \/>\n<meta name=\"robots\" content=\"index, follow, max-snippet:-1, max-image-preview:large, max-video-preview:-1\" \/>\n<link rel=\"canonical\" href=\"https:\/\/rentoys.com.ar\/web\/quienes-somos\/\" \/>\n<meta property=\"og:locale\" content=\"es_ES\" \/>\n<meta property=\"og:type\" content=\"article\" \/>\n<meta property=\"og:title\" content=\"\u00bfQui\u00e9nes Somos? - RENTOYS :: Alquiler y Venta de Juegos\" \/>\n<meta property=\"og:description\" content=\"Somos una empresa con m\u00e1s de 15 a\u00f1os de experiencia en recreaci\u00f3n y organizaci\u00f3n de eventos. Ofrecemos a nuestros clientes gran variedad de art\u00edculos nuevos\" \/>\n<meta property=\"og:url\" content=\"https:\/\/rentoys.com.ar\/web\/quienes-somos\/\" \/>\n<meta property=\"og:site_name\" content=\"RENTOYS :: Alquiler y Venta de Juegos\" \/>\n<meta property=\"article:publisher\" content=\"https:\/\/www.facebook.com\/Rentoys\" \/>\n<meta property=\"article:modified_time\" content=\"2023-05-31T14:34:49+00:00\" \/>\n<meta property=\"og:image\" content=\"https:\/\/rentoys.com.ar\/web\/wp-content\/uploads\/rentoys-planetario.jpg\" \/>\n<meta name=\"twitter:card\" content=\"summary_large_image\" \/>\n<meta name=\"twitter:site\" content=\"@rentoysarg\" \/>\n<meta name=\"twitter:label1\" content=\"Tiempo de lectura\" \/>\n\t<meta name=\"twitter:data1\" content=\"3 minutos\" \/>\n<script type=\"application\/ld+json\" class=\"yoast-schema-graph\">{\"@context\":\"https:\\\/\\\/schema.org\",\"@graph\":[{\"@type\":\"WebPage\",\"@id\":\"https:\\\/\\\/rentoys.com.ar\\\/web\\\/quienes-somos\\\/\",\"url\":\"https:\\\/\\\/rentoys.com.ar\\\/web\\\/quienes-somos\\\/\",\"name\":\"\u00bfQui\u00e9nes Somos? - RENTOYS :: Alquiler y Venta de Juegos\",\"isPartOf\":{\"@id\":\"https:\\\/\\\/rentoys.com.ar\\\/web\\\/#website\"},\"primaryImageOfPage\":{\"@id\":\"https:\\\/\\\/rentoys.com.ar\\\/web\\\/quienes-somos\\\/#primaryimage\"},\"image\":{\"@id\":\"https:\\\/\\\/rentoys.com.ar\\\/web\\\/quienes-somos\\\/#primaryimage\"},\"thumbnailUrl\":\"https:\\\/\\\/rentoys.com.ar\\\/web\\\/wp-content\\\/uploads\\\/rentoys-planetario.jpg\",\"datePublished\":\"2013-02-02T12:25:15+00:00\",\"dateModified\":\"2023-05-31T14:34:49+00:00\",\"description\":\"Somos una empresa con m\u00e1s de 15 a\u00f1os de experiencia en recreaci\u00f3n y organizaci\u00f3n de eventos. Ofrecemos a nuestros clientes gran variedad de art\u00edculos nuevos\",\"breadcrumb\":{\"@id\":\"https:\\\/\\\/rentoys.com.ar\\\/web\\\/quienes-somos\\\/#breadcrumb\"},\"inLanguage\":\"es\",\"potentialAction\":[{\"@type\":\"ReadAction\",\"target\":[\"https:\\\/\\\/rentoys.com.ar\\\/web\\\/quienes-somos\\\/\"]}]},{\"@type\":\"ImageObject\",\"inLanguage\":\"es\",\"@id\":\"https:\\\/\\\/rentoys.com.ar\\\/web\\\/quienes-somos\\\/#primaryimage\",\"url\":\"https:\\\/\\\/rentoys.com.ar\\\/web\\\/wp-content\\\/uploads\\\/rentoys-planetario.jpg\",\"contentUrl\":\"https:\\\/\\\/rentoys.com.ar\\\/web\\\/wp-content\\\/uploads\\\/rentoys-planetario.jpg\",\"width\":472,\"height\":472},{\"@type\":\"BreadcrumbList\",\"@id\":\"https:\\\/\\\/rentoys.com.ar\\\/web\\\/quienes-somos\\\/#breadcrumb\",\"itemListElement\":[{\"@type\":\"ListItem\",\"position\":1,\"name\":\"inicio\",\"item\":\"https:\\\/\\\/rentoys.com.ar\\\/web\\\/\"},{\"@type\":\"ListItem\",\"position\":2,\"name\":\"\u00bfQui\u00e9nes Somos?\"}]},{\"@type\":\"WebSite\",\"@id\":\"https:\\\/\\\/rentoys.com.ar\\\/web\\\/#website\",\"url\":\"https:\\\/\\\/rentoys.com.ar\\\/web\\\/\",\"name\":\"RENTOYS :: Alquiler y Venta de Juegos\",\"description\":\"Alquiler y Venta de juegos Rotoys para chicos. Tel: 11.4555.1695 | 11.4551.9897 | Cel-Whatsapp: 11.15.4971.5230 | Mail: consultas@rentoys.com.ar\",\"potentialAction\":[{\"@type\":\"SearchAction\",\"target\":{\"@type\":\"EntryPoint\",\"urlTemplate\":\"https:\\\/\\\/rentoys.com.ar\\\/web\\\/?s={search_term_string}\"},\"query-input\":{\"@type\":\"PropertyValueSpecification\",\"valueRequired\":true,\"valueName\":\"search_term_string\"}}],\"inLanguage\":\"es\"}]}<\/script>\n<!-- \/ Yoast SEO plugin. -->","yoast_head_json":{"title":"\u00bfQui\u00e9nes Somos? - RENTOYS :: Alquiler y Venta de Juegos","description":"Somos una empresa con m\u00e1s de 15 a\u00f1os de experiencia en recreaci\u00f3n y organizaci\u00f3n de eventos. Ofrecemos a nuestros clientes gran variedad de art\u00edculos nuevos","robots":{"index":"index","follow":"follow","max-snippet":"max-snippet:-1","max-image-preview":"max-image-preview:large","max-video-preview":"max-video-preview:-1"},"canonical":"https:\/\/rentoys.com.ar\/web\/quienes-somos\/","og_locale":"es_ES","og_type":"article","og_title":"\u00bfQui\u00e9nes Somos? - RENTOYS :: Alquiler y Venta de Juegos","og_description":"Somos una empresa con m\u00e1s de 15 a\u00f1os de experiencia en recreaci\u00f3n y organizaci\u00f3n de eventos. Ofrecemos a nuestros clientes gran variedad de art\u00edculos nuevos","og_url":"https:\/\/rentoys.com.ar\/web\/quienes-somos\/","og_site_name":"RENTOYS :: Alquiler y Venta de Juegos","article_publisher":"https:\/\/www.facebook.com\/Rentoys","article_modified_time":"2023-05-31T14:34:49+00:00","og_image":[{"url":"https:\/\/rentoys.com.ar\/web\/wp-content\/uploads\/rentoys-planetario.jpg","type":"","width":"","height":""}],"twitter_card":"summary_large_image","twitter_site":"@rentoysarg","twitter_misc":{"Tiempo de lectura":"3 minutos"},"schema":{"@context":"https:\/\/schema.org","@graph":[{"@type":"WebPage","@id":"https:\/\/rentoys.com.ar\/web\/quienes-somos\/","url":"https:\/\/rentoys.com.ar\/web\/quienes-somos\/","name":"\u00bfQui\u00e9nes Somos? - RENTOYS :: Alquiler y Venta de Juegos","isPartOf":{"@id":"https:\/\/rentoys.com.ar\/web\/#website"},"primaryImageOfPage":{"@id":"https:\/\/rentoys.com.ar\/web\/quienes-somos\/#primaryimage"},"image":{"@id":"https:\/\/rentoys.com.ar\/web\/quienes-somos\/#primaryimage"},"thumbnailUrl":"https:\/\/rentoys.com.ar\/web\/wp-content\/uploads\/rentoys-planetario.jpg","datePublished":"2013-02-02T12:25:15+00:00","dateModified":"2023-05-31T14:34:49+00:00","description":"Somos una empresa con m\u00e1s de 15 a\u00f1os de experiencia en recreaci\u00f3n y organizaci\u00f3n de eventos. Ofrecemos a nuestros clientes gran variedad de art\u00edculos nuevos","breadcrumb":{"@id":"https:\/\/rentoys.com.ar\/web\/quienes-somos\/#breadcrumb"},"inLanguage":"es","potentialAction":[{"@type":"ReadAction","target":["https:\/\/rentoys.com.ar\/web\/quienes-somos\/"]}]},{"@type":"ImageObject","inLanguage":"es","@id":"https:\/\/rentoys.com.ar\/web\/quienes-somos\/#primaryimage","url":"https:\/\/rentoys.com.ar\/web\/wp-content\/uploads\/rentoys-planetario.jpg","contentUrl":"https:\/\/rentoys.com.ar\/web\/wp-content\/uploads\/rentoys-planetario.jpg","width":472,"height":472},{"@type":"BreadcrumbList","@id":"https:\/\/rentoys.com.ar\/web\/quienes-somos\/#breadcrumb","itemListElement":[{"@type":"ListItem","position":1,"name":"inicio","item":"https:\/\/rentoys.com.ar\/web\/"},{"@type":"ListItem","position":2,"name":"\u00bfQui\u00e9nes Somos?"}]},{"@type":"WebSite","@id":"https:\/\/rentoys.com.ar\/web\/#website","url":"https:\/\/rentoys.com.ar\/web\/","name":"RENTOYS :: Alquiler y Venta de Juegos","description":"Alquiler y Venta de juegos Rotoys para chicos. Tel: 11.4555.1695 | 11.4551.9897 | Cel-Whatsapp: 11.15.4971.5230 | Mail: consultas@rentoys.com.ar","potentialAction":[{"@type":"SearchAction","target":{"@type":"EntryPoint","urlTemplate":"https:\/\/rentoys.com.ar\/web\/?s={search_term_string}"},"query-input":{"@type":"PropertyValueSpecification","valueRequired":true,"valueName":"search_term_string"}}],"inLanguage":"es"}]}},"_links":{"self":[{"href":"https:\/\/rentoys.com.ar\/web\/wp-json\/wp\/v2\/pages\/80","targetHints":{"allow":["GET"]}}],"collection":[{"href":"https:\/\/rentoys.com.ar\/web\/wp-json\/wp\/v2\/pages"}],"about":[{"href":"https:\/\/rentoys.com.ar\/web\/wp-json\/wp\/v2\/types\/page"}],"author":[{"embeddable":true,"href":"https:\/\/rentoys.com.ar\/web\/wp-json\/wp\/v2\/users\/1"}],"replies":[{"embeddable":true,"href":"https:\/\/rentoys.com.ar\/web\/wp-json\/wp\/v2\/comments?post=80"}],"version-history":[{"count":6,"href":"https:\/\/rentoys.com.ar\/web\/wp-json\/wp\/v2\/pages\/80\/revisions"}],"predecessor-version":[{"id":17701,"href":"https:\/\/rentoys.com.ar\/web\/wp-json\/wp\/v2\/pages\/80\/revisions\/17701"}],"wp:attachment":[{"href":"https:\/\/rentoys.com.ar\/web\/wp-json\/wp\/v2\/media?parent=80"}],"curies":[{"name":"wp","href":"https:\/\/api.w.org\/{rel}","templated":true}]}}